{"id":151,"date":"2016-12-12T13:37:53","date_gmt":"2016-12-12T13:37:53","guid":{"rendered":"http:\/\/german-used-tires.com\/?page_id=151\/"},"modified":"2016-12-15T10:19:19","modified_gmt":"2016-12-15T10:19:19","slug":"contacto","status":"publish","type":"page","link":"https:\/\/german-used-tires.com\/es\/contacto\/","title":{"rendered":"Contacto"},"content":{"rendered":"<div id=\"dslc-theme-content\"><div id=\"dslc-theme-content-inner\"><div id=\"dslc-content\" class=\"dslc-content dslc-clearfix\">\n<div id=\"dslc-main\">\n<div  class=\"dslc-modules-section \" style=\"\" data-section-id=\"f2748fed0b6\">\n<div class=\"dslc-modules-section-wrapper dslc-clearfix\">\n<style type=\"text\/css\" id=\"dslca-modules-area-\"><\/style>\n<div  class=\"dslc-modules-area dslc-col dslc-12-col dslc-last-col dslc-valign- \" data-size=\"12\" data-valign=\"\" data-modules-area-id=\"\" >\n<div id=\"dslc-module-164\" class=\"dslc-module-front dslc-module-DSLC_Text_Simple dslc-in-viewport-check dslc-in-viewport-anim-none  dslc-col dslc-12-col dslc-last-col  dslc-module-handle-like-regular \" data-module-id=\"164\" data-module=\"DSLC_Text_Simple\" data-dslc-module-size=\"12\" data-dslc-anim=\"none\" data-dslc-anim-delay=\"0\" data-dslc-anim-duration=\"650\"  data-dslc-anim-easing=\"ease\" data-dslc-preset=\"none\" >\n<div class=\"dslc-text-module-content\">\n<h3><strong>Vuestro proximo pedido con German Used Tires<\/strong><\/h3>\n<p>Como exportador internacional de neum\u00e1ticos usados hablamos en los idiomas ingles y alem\u00e1n. Mails o demandas por nuestro formulario de contacto tambi\u00e9n respondemos en espa\u00f1ol. Cont\u00e1ctenos y le asesoramos personalmente sobre sus deseos.<\/p>\n<\/p><\/div>\n<\/p><\/div>\n<p><!-- .dslc-module --><\/p>\n<div id=\"dslc-module-165\" class=\"dslc-module-front dslc-module-DSLC_Icon dslc-in-viewport-check dslc-in-viewport-anim-none  dslc-col dslc-1-col  dslc-module-handle-like-regular \" data-module-id=\"165\" data-module=\"DSLC_Icon\" data-dslc-module-size=\"1\" data-dslc-anim=\"none\" data-dslc-anim-delay=\"0\" data-dslc-anim-duration=\"650\"  data-dslc-anim-easing=\"ease\" data-dslc-preset=\"none\" >\n<div class=\"dslc-micon-module\">\n\t\t\t\t\t\t\t\t\t<span class=\"dslc-icon dslc-icon-phone\"><\/span>\n\t\t\t\t\t\t\t<\/div>\n<p><!-- .dslc-micon-module --><\/p><\/div>\n<p><!-- .dslc-module --><\/p>\n<div id=\"dslc-module-166\" class=\"dslc-module-front dslc-module-DSLC_Text_Simple dslc-in-viewport-check dslc-in-viewport-anim-none  dslc-col dslc-7-col  dslc-module-handle-like-regular \" data-module-id=\"166\" data-module=\"DSLC_Text_Simple\" data-dslc-module-size=\"7\" data-dslc-anim=\"none\" data-dslc-anim-delay=\"\" data-dslc-anim-duration=\"650\"  data-dslc-anim-easing=\"ease\" data-dslc-preset=\"none\" >\n<div class=\"dslc-text-module-content\">\n<h4>Estamos a vuestro servicio todos los d\u00edas<br \/><strong>Tel\u00e9fono +49-69-95502207<\/strong><\/h4>\n<h4><strong>Movil \/ Whatsapp\u00a0 +49-172-6908845<\/strong><\/h4>\n<\/p><\/div>\n<\/p><\/div>\n<p><!-- .dslc-module --><\/p>\n<div id=\"dslc-module-167\" class=\"dslc-module-front dslc-module-DSLC_Separator dslc-in-viewport-check dslc-in-viewport-anim-none  dslc-col dslc-12-col  dslc-module-handle-like-regular \" data-module-id=\"167\" data-module=\"DSLC_Separator\" data-dslc-module-size=\"12\" data-dslc-anim=\"none\" data-dslc-anim-delay=\"0\" data-dslc-anim-duration=\"650\"  data-dslc-anim-easing=\"ease\" data-dslc-preset=\"none\" >\n<div class=\"dslc-separator-wrapper\">\n<div class=\"dslc-separator dslc-separator-style-invisible\">\n\t\t\t\t\t\t\t\t\t<\/div>\n<div><\/div>\n<\/p><\/div>\n<p><!-- .dslc-separator-wrapper --><\/p><\/div>\n<p><!-- .dslc-module --><\/p>\n<div id=\"dslc-module-168\" class=\"dslc-module-front dslc-module-DSLC_Icon dslc-in-viewport-check dslc-in-viewport-anim-none  dslc-col dslc-1-col  dslc-module-handle-like-regular \" data-module-id=\"168\" data-module=\"DSLC_Icon\" data-dslc-module-size=\"1\" data-dslc-anim=\"none\" data-dslc-anim-delay=\"0\" data-dslc-anim-duration=\"650\"  data-dslc-anim-easing=\"ease\" data-dslc-preset=\"none\" >\n<div class=\"dslc-micon-module\">\n\t\t\t\t\t\t\t\t\t<span class=\"dslc-icon dslc-icon-envelope-alt\"><\/span>\n\t\t\t\t\t\t\t<\/div>\n<p><!-- .dslc-micon-module --><\/p><\/div>\n<p><!-- .dslc-module --><\/p>\n<div id=\"dslc-module-169\" class=\"dslc-module-front dslc-module-DSLC_Text_Simple dslc-in-viewport-check dslc-in-viewport-anim-none  dslc-col dslc-9-col  dslc-module-handle-like-regular \" data-module-id=\"169\" data-module=\"DSLC_Text_Simple\" data-dslc-module-size=\"9\" data-dslc-anim=\"none\" data-dslc-anim-delay=\"0\" data-dslc-anim-duration=\"650\"  data-dslc-anim-easing=\"ease\" data-dslc-preset=\"none\" >\n<div class=\"dslc-text-module-content\">\n<h4>Env\u00ede nos vuestra demanda tambi\u00e9n por correo electr\u00f3nico<br \/><strong><a href=\"mailto:office@german-used-tires.com\">office@german-used-tires.com<\/a><\/strong><\/h4>\n<\/p><\/div>\n<\/p><\/div>\n<p><!-- .dslc-module --><\/p>\n<div id=\"dslc-module-170\" class=\"dslc-module-front dslc-module-DSLC_Separator dslc-in-viewport-check dslc-in-viewport-anim-none  dslc-col dslc-12-col  dslc-module-handle-like-regular \" data-module-id=\"170\" data-module=\"DSLC_Separator\" data-dslc-module-size=\"12\" data-dslc-anim=\"none\" data-dslc-anim-delay=\"0\" data-dslc-anim-duration=\"650\"  data-dslc-anim-easing=\"ease\" data-dslc-preset=\"none\" >\n<div class=\"dslc-separator-wrapper\">\n<div class=\"dslc-separator dslc-separator-style-invisible\">\n\t\t\t\t\t\t\t\t\t<\/div>\n<div><\/div>\n<\/p><\/div>\n<p><!-- .dslc-separator-wrapper --><\/p><\/div>\n<p><!-- .dslc-module --><\/p>\n<div id=\"dslc-module-171\" class=\"dslc-module-front dslc-module-DSLC_Text_Simple dslc-in-viewport-check dslc-in-viewport-anim-none  dslc-col dslc-12-col  dslc-module-handle-like-regular \" data-module-id=\"171\" data-module=\"DSLC_Text_Simple\" data-dslc-module-size=\"12\" data-dslc-anim=\"none\" data-dslc-anim-delay=\"0\" data-dslc-anim-duration=\"650\"  data-dslc-anim-easing=\"ease\" data-dslc-preset=\"none\" >\n<div class=\"dslc-text-module-content\">\n<h4>O use nuestro formulario de contacto<\/h4>\n<\/p><\/div>\n<\/p><\/div>\n<p><!-- .dslc-module --><\/p>\n<div id=\"dslc-module-172\" class=\"dslc-module-front dslc-module-DSLC_Html dslc-in-viewport-check dslc-in-viewport-anim-none  dslc-col dslc-12-col  dslc-module-handle-like-regular \" data-module-id=\"172\" data-module=\"DSLC_Html\" data-dslc-module-size=\"12\" data-dslc-anim=\"none\" data-dslc-anim-delay=\"\" data-dslc-anim-duration=\"650\"  data-dslc-anim-easing=\"ease\" data-dslc-preset=\"none\" >\n<div class=\"dslc-html-module-content\">\n<div class=\"wpcf7 no-js\" id=\"wpcf7-f258-o1\" lang=\"es-ES\" dir=\"ltr\" data-wpcf7-id=\"258\">\n<div class=\"screen-reader-response\"><p role=\"status\" aria-live=\"polite\" aria-atomic=\"true\"><\/p> <ul><\/ul><\/div>\n<form action=\"\/es\/wp-json\/wp\/v2\/pages\/151#wpcf7-f258-o1\" method=\"post\" class=\"wpcf7-form init\" aria-label=\"Formulario de contacto\" novalidate=\"novalidate\" data-status=\"init\">\n<fieldset class=\"hidden-fields-container\"><input type=\"hidden\" name=\"_wpcf7\" value=\"258\" \/><input type=\"hidden\" name=\"_wpcf7_version\" value=\"6.1.5\" \/><input type=\"hidden\" name=\"_wpcf7_locale\" value=\"es_ES\" \/><input type=\"hidden\" name=\"_wpcf7_unit_tag\" value=\"wpcf7-f258-o1\" \/><input type=\"hidden\" name=\"_wpcf7_container_post\" value=\"0\" \/><input type=\"hidden\" name=\"_wpcf7_posted_data_hash\" value=\"\" \/>\n<\/fieldset>\n<p><label> Su nombre (obligatorio)<br \/>\n<span class=\"wpcf7-form-control-wrap\" data-name=\"your-name\"><input size=\"40\" maxlength=\"400\" class=\"wpcf7-form-control wpcf7-text wpcf7-validates-as-required\" aria-required=\"true\" aria-invalid=\"false\" value=\"\" type=\"text\" name=\"your-name\" \/><\/span> <\/label>\n<\/p>\n<p><label> Su E-Mail (obligatorio)<br \/>\n<span class=\"wpcf7-form-control-wrap\" data-name=\"your-email\"><input size=\"40\" maxlength=\"400\" class=\"wpcf7-form-control wpcf7-email wpcf7-validates-as-required wpcf7-text wpcf7-validates-as-email\" aria-required=\"true\" aria-invalid=\"false\" value=\"\" type=\"email\" name=\"your-email\" \/><\/span> <\/label>\n<\/p>\n<p><label> Asunto<br \/>\n<span class=\"wpcf7-form-control-wrap\" data-name=\"your-subject\"><input size=\"40\" maxlength=\"400\" class=\"wpcf7-form-control wpcf7-text\" aria-invalid=\"false\" value=\"\" type=\"text\" name=\"your-subject\" \/><\/span> <\/label>\n<\/p>\n<p><label> Su mensaje<br \/>\n<span class=\"wpcf7-form-control-wrap\" data-name=\"your-message\"><textarea cols=\"40\" rows=\"10\" maxlength=\"2000\" class=\"wpcf7-form-control wpcf7-textarea\" aria-invalid=\"false\" name=\"your-message\"><\/textarea><\/span> <\/label>\n<\/p>\n<p><span class=\"wpcf7-form-control-wrap\" data-name=\"math-quiz\"><label><span class=\"wpcf7-quiz-label\">12+3=?<\/span> <input size=\"40\" class=\"wpcf7-form-control wpcf7-quiz\" autocomplete=\"off\" aria-required=\"true\" aria-invalid=\"false\" type=\"text\" name=\"math-quiz\" \/><\/label><input type=\"hidden\" name=\"_wpcf7_quiz_answer_math-quiz\" value=\"08056e2456bb4c8ee162ccc7faa5ae3c\" \/><\/span>\n<\/p>\n<p><input class=\"wpcf7-form-control wpcf7-submit has-spinner\" type=\"submit\" value=\"Enviar\" \/>\n<\/p><div class=\"wpcf7-response-output\" aria-hidden=\"true\"><\/div>\n<\/form>\n<\/div>\n<\/div>\n<\/p><\/div>\n<p><!-- .dslc-module -->\n\t\t<\/div>\n<\/div>\n<\/div>\n<\/div>\n<\/div>\n<\/div><\/div>","protected":false},"excerpt":{"rendered":"<p>Vuestro proximo pedido con German Used Tires Como exportador internacional de neum\u00e1ticos usados hablamos en los idiomas ingles y alem\u00e1n. Mails o demandas por nuestro formulario de contacto tambi\u00e9n respondemos ...<\/p>\n","protected":false},"author":1,"featured_media":0,"parent":0,"menu_order":0,"comment_status":"closed","ping_status":"closed","template":"template-fullwidth.php","meta":{"footnotes":""},"class_list":["post-151","page","type-page","status-publish","hentry"],"yoast_head":"<!-- This site is optimized with the Yoast SEO plugin v27.6 - https:\/\/yoast.com\/product\/yoast-seo-wordpress\/ -->\n<title>El exportador de neum\u00e1ticos usados - German Used Tires - CONTACTO<\/title>\n<meta name=\"description\" content=\"Como exportador internacional de neum\u00e1ticos usados hablamos en los idiomas ingles y alem\u00e1n. Mails tambi\u00e9n respondemos en espa\u00f1ol. Contactenos!\" \/>\n<meta name=\"robots\" content=\"index, follow, max-snippet:-1, max-image-preview:large, max-video-preview:-1\" \/>\n<link rel=\"canonical\" href=\"https:\/\/german-used-tires.com\/es\/contacto\/\" \/>\n<meta property=\"og:locale\" content=\"es_ES\" \/>\n<meta property=\"og:type\" content=\"article\" \/>\n<meta property=\"og:title\" content=\"El exportador de neum\u00e1ticos usados - German Used Tires - CONTACTO\" \/>\n<meta property=\"og:description\" content=\"Como exportador internacional de neum\u00e1ticos usados hablamos en los idiomas ingles y alem\u00e1n. Mails tambi\u00e9n respondemos en espa\u00f1ol. Contactenos!\" \/>\n<meta property=\"og:url\" content=\"https:\/\/german-used-tires.com\/es\/contacto\/\" \/>\n<meta property=\"og:site_name\" content=\"German Used Tires\" \/>\n<meta property=\"article:modified_time\" content=\"2016-12-15T10:19:19+00:00\" \/>\n<meta name=\"twitter:card\" content=\"summary_large_image\" \/>\n<script type=\"application\/ld+json\" class=\"yoast-schema-graph\">{\"@context\":\"https:\\\/\\\/schema.org\",\"@graph\":[{\"@type\":\"WebPage\",\"@id\":\"https:\\\/\\\/german-used-tires.com\\\/es\\\/contacto\\\/\",\"url\":\"https:\\\/\\\/german-used-tires.com\\\/es\\\/contacto\\\/\",\"name\":\"El exportador de neum\u00e1ticos usados - German Used Tires - CONTACTO\",\"isPartOf\":{\"@id\":\"https:\\\/\\\/german-used-tires.com\\\/#website\"},\"datePublished\":\"2016-12-12T13:37:53+00:00\",\"dateModified\":\"2016-12-15T10:19:19+00:00\",\"description\":\"Como exportador internacional de neum\u00e1ticos usados hablamos en los idiomas ingles y alem\u00e1n. Mails tambi\u00e9n respondemos en espa\u00f1ol. Contactenos!\",\"breadcrumb\":{\"@id\":\"https:\\\/\\\/german-used-tires.com\\\/es\\\/contacto\\\/#breadcrumb\"},\"inLanguage\":\"es\",\"potentialAction\":[{\"@type\":\"ReadAction\",\"target\":[\"https:\\\/\\\/german-used-tires.com\\\/es\\\/contacto\\\/\"]}]},{\"@type\":\"BreadcrumbList\",\"@id\":\"https:\\\/\\\/german-used-tires.com\\\/es\\\/contacto\\\/#breadcrumb\",\"itemListElement\":[{\"@type\":\"ListItem\",\"position\":1,\"name\":\"Startseite\",\"item\":\"https:\\\/\\\/german-used-tires.com\\\/es\\\/\"},{\"@type\":\"ListItem\",\"position\":2,\"name\":\"Contacto\"}]},{\"@type\":\"WebSite\",\"@id\":\"https:\\\/\\\/german-used-tires.com\\\/#website\",\"url\":\"https:\\\/\\\/german-used-tires.com\\\/\",\"name\":\"German Used Tires\",\"description\":\"German Used Tires - Der Exporteur f\u00fcr gebrauchte Reifen\",\"publisher\":{\"@id\":\"https:\\\/\\\/german-used-tires.com\\\/#organization\"},\"potentialAction\":[{\"@type\":\"SearchAction\",\"target\":{\"@type\":\"EntryPoint\",\"urlTemplate\":\"https:\\\/\\\/german-used-tires.com\\\/?s={search_term_string}\"},\"query-input\":{\"@type\":\"PropertyValueSpecification\",\"valueRequired\":true,\"valueName\":\"search_term_string\"}}],\"inLanguage\":\"es\"},{\"@type\":\"Organization\",\"@id\":\"https:\\\/\\\/german-used-tires.com\\\/#organization\",\"name\":\"German Used Tires\",\"url\":\"https:\\\/\\\/german-used-tires.com\\\/\",\"logo\":{\"@type\":\"ImageObject\",\"inLanguage\":\"es\",\"@id\":\"https:\\\/\\\/german-used-tires.com\\\/#\\\/schema\\\/logo\\\/image\\\/\",\"url\":\"https:\\\/\\\/german-used-tires.com\\\/wp-content\\\/uploads\\\/2016\\\/12\\\/cropped-logo-Webseite-1.png\",\"contentUrl\":\"https:\\\/\\\/german-used-tires.com\\\/wp-content\\\/uploads\\\/2016\\\/12\\\/cropped-logo-Webseite-1.png\",\"width\":300,\"height\":100,\"caption\":\"German Used Tires\"},\"image\":{\"@id\":\"https:\\\/\\\/german-used-tires.com\\\/#\\\/schema\\\/logo\\\/image\\\/\"}}]}<\/script>\n<!-- \/ Yoast SEO plugin. -->","yoast_head_json":{"title":"El exportador de neum\u00e1ticos usados - German Used Tires - CONTACTO","description":"Como exportador internacional de neum\u00e1ticos usados hablamos en los idiomas ingles y alem\u00e1n. Mails tambi\u00e9n respondemos en espa\u00f1ol. Contactenos!","robots":{"index":"index","follow":"follow","max-snippet":"max-snippet:-1","max-image-preview":"max-image-preview:large","max-video-preview":"max-video-preview:-1"},"canonical":"https:\/\/german-used-tires.com\/es\/contacto\/","og_locale":"es_ES","og_type":"article","og_title":"El exportador de neum\u00e1ticos usados - German Used Tires - CONTACTO","og_description":"Como exportador internacional de neum\u00e1ticos usados hablamos en los idiomas ingles y alem\u00e1n. Mails tambi\u00e9n respondemos en espa\u00f1ol. Contactenos!","og_url":"https:\/\/german-used-tires.com\/es\/contacto\/","og_site_name":"German Used Tires","article_modified_time":"2016-12-15T10:19:19+00:00","twitter_card":"summary_large_image","schema":{"@context":"https:\/\/schema.org","@graph":[{"@type":"WebPage","@id":"https:\/\/german-used-tires.com\/es\/contacto\/","url":"https:\/\/german-used-tires.com\/es\/contacto\/","name":"El exportador de neum\u00e1ticos usados - German Used Tires - CONTACTO","isPartOf":{"@id":"https:\/\/german-used-tires.com\/#website"},"datePublished":"2016-12-12T13:37:53+00:00","dateModified":"2016-12-15T10:19:19+00:00","description":"Como exportador internacional de neum\u00e1ticos usados hablamos en los idiomas ingles y alem\u00e1n. Mails tambi\u00e9n respondemos en espa\u00f1ol. Contactenos!","breadcrumb":{"@id":"https:\/\/german-used-tires.com\/es\/contacto\/#breadcrumb"},"inLanguage":"es","potentialAction":[{"@type":"ReadAction","target":["https:\/\/german-used-tires.com\/es\/contacto\/"]}]},{"@type":"BreadcrumbList","@id":"https:\/\/german-used-tires.com\/es\/contacto\/#breadcrumb","itemListElement":[{"@type":"ListItem","position":1,"name":"Startseite","item":"https:\/\/german-used-tires.com\/es\/"},{"@type":"ListItem","position":2,"name":"Contacto"}]},{"@type":"WebSite","@id":"https:\/\/german-used-tires.com\/#website","url":"https:\/\/german-used-tires.com\/","name":"German Used Tires","description":"German Used Tires - Der Exporteur f\u00fcr gebrauchte Reifen","publisher":{"@id":"https:\/\/german-used-tires.com\/#organization"},"potentialAction":[{"@type":"SearchAction","target":{"@type":"EntryPoint","urlTemplate":"https:\/\/german-used-tires.com\/?s={search_term_string}"},"query-input":{"@type":"PropertyValueSpecification","valueRequired":true,"valueName":"search_term_string"}}],"inLanguage":"es"},{"@type":"Organization","@id":"https:\/\/german-used-tires.com\/#organization","name":"German Used Tires","url":"https:\/\/german-used-tires.com\/","logo":{"@type":"ImageObject","inLanguage":"es","@id":"https:\/\/german-used-tires.com\/#\/schema\/logo\/image\/","url":"https:\/\/german-used-tires.com\/wp-content\/uploads\/2016\/12\/cropped-logo-Webseite-1.png","contentUrl":"https:\/\/german-used-tires.com\/wp-content\/uploads\/2016\/12\/cropped-logo-Webseite-1.png","width":300,"height":100,"caption":"German Used Tires"},"image":{"@id":"https:\/\/german-used-tires.com\/#\/schema\/logo\/image\/"}}]}},"_links":{"self":[{"href":"https:\/\/german-used-tires.com\/es\/wp-json\/wp\/v2\/pages\/151","targetHints":{"allow":["GET"]}}],"collection":[{"href":"https:\/\/german-used-tires.com\/es\/wp-json\/wp\/v2\/pages"}],"about":[{"href":"https:\/\/german-used-tires.com\/es\/wp-json\/wp\/v2\/types\/page"}],"author":[{"embeddable":true,"href":"https:\/\/german-used-tires.com\/es\/wp-json\/wp\/v2\/users\/1"}],"replies":[{"embeddable":true,"href":"https:\/\/german-used-tires.com\/es\/wp-json\/wp\/v2\/comments?post=151"}],"version-history":[{"count":1,"href":"https:\/\/german-used-tires.com\/es\/wp-json\/wp\/v2\/pages\/151\/revisions"}],"predecessor-version":[{"id":152,"href":"https:\/\/german-used-tires.com\/es\/wp-json\/wp\/v2\/pages\/151\/revisions\/152"}],"wp:attachment":[{"href":"https:\/\/german-used-tires.com\/es\/wp-json\/wp\/v2\/media?parent=151"}],"curies":[{"name":"wp","href":"https:\/\/api.w.org\/{rel}","templated":true}]}}