{"id":23,"date":"2016-12-01T05:38:47","date_gmt":"2016-12-01T05:38:47","guid":{"rendered":"http:\/\/german-used-tires.com\/wordpress_n\/?page_id=23\/"},"modified":"2016-12-15T11:05:49","modified_gmt":"2016-12-15T11:05:49","slug":"nuestra-empresa","status":"publish","type":"page","link":"https:\/\/german-used-tires.com\/es\/nuestra-empresa\/","title":{"rendered":"Nuestra Empresa"},"content":{"rendered":"<div id=\"dslc-theme-content\"><div id=\"dslc-theme-content-inner\"><div id=\"dslc-content\" class=\"dslc-content dslc-clearfix\">\n<div id=\"dslc-main\">\n<div  class=\"dslc-modules-section \" style=\"\" data-section-id=\"\">\n<div class=\"dslc-modules-section-wrapper dslc-clearfix\">\n<div class=\"dslc-modules-area dslc-col dslc-12-col dslc-last-col\" data-size=\"12\" data-valign=\"\">\n<div id=\"dslc-module-27\" class=\"dslc-module-front dslc-module-DSLC_Text_Simple dslc-in-viewport-check dslc-in-viewport-anim-none  dslc-col dslc-12-col  dslc-module-handle-like-regular \" data-module-id=\"27\" data-module=\"DSLC_Text_Simple\" data-dslc-module-size=\"12\" data-dslc-anim=\"none\" data-dslc-anim-delay=\"0\" data-dslc-anim-duration=\"650\"  data-dslc-anim-easing=\"ease\" data-dslc-preset=\"none\" >\n<div class=\"dslc-text-module-content\">\n<h3 style=\"text-align: center;\" data-mce-style=\"text-align: center;\"><strong>German Used Tires: Muchos a\u00f1os de experiencia en la exportaci\u00f3n de neum\u00e1ticos usados en todo el mundo<\/strong><\/h3>\n<p style=\"text-align: center;\" data-mce-style=\"text-align: center;\">German Used Tires esta especializado en la compraventa de neum\u00e1ticos usados en el mercado mayorista. La empresa alemana fue fundado en 1988 por Jens Blaes y aparece hoy como una de las empresas alemanas exportadoras para neum\u00e1ticos usados m\u00e1s antiguas. Peque\u00f1os clientes hasta grandes clientes disfrutan de la calidad excelente a precios justos.<\/p>\n<p style=\"text-align: center;\" data-mce-style=\"text-align: center;\">Nuestra empresa esta localizada en Francfort, cerca del aeropuerto international como uno de los centros comerciales mas importantes del mundo. Gracias a los muchos a\u00f1os de colaboraci\u00f3n con nuestra compa\u00f1\u00eda de transportes asociada, podemos asegurar un env\u00edo de su pedido puntual y barato a su domicilio. Por supuesto usted tiene la posibilidad de organizar el transporte o recoger el contenedor en el puerto usted mismo. Clientes de todo el mundo conf\u00edan en nuestro servicio \u00fanico.<\/p>\n<\/p><\/div>\n<\/p><\/div>\n<p><!-- .dslc-module -->\n\t\t<\/div>\n<div class=\"dslc-modules-area dslc-col dslc-12-col dslc-last-col\" data-size=\"12\" data-valign=\"\">\n<div id=\"dslc-module-28\" class=\"dslc-module-front dslc-module-DSLC_Info_Box dslc-in-viewport-check dslc-in-viewport-anim-none  dslc-col dslc-12-col  dslc-module-handle-like-regular \" data-module-id=\"28\" data-module=\"DSLC_Info_Box\" data-dslc-module-size=\"12\" data-dslc-anim=\"none\" data-dslc-anim-delay=\"0\" data-dslc-anim-duration=\"650\"  data-dslc-anim-easing=\"ease\" data-dslc-preset=\"none\" >\n<div class=\"dslc-info-box dslc-info-box-icon-pos-above dslc-info-box-image-pos-above\">\n<div class=\"dslc-info-box-wrapper\">\n<div class=\"dslc-info-box-main-wrap dslc-clearfix\">\n<div class=\"dslc-info-box-image\">\n<div class=\"dslc-info-box-image-inner\">\n\t\t\t\t\t\t\t\t\t\t\t\t\t\t\t\t\t\t\t<span class=\"dslc-icon dslc-icon-quote-right\"><\/span>\n\t\t\t\t\t\t\t\t\t\t\t\t\t\t\t\t\t\t\t\t\t\t\t\t\t\t<\/div>\n<p><!-- .dslc-info-box-image-inner -->\n\t\t\t\t\t\t\t<\/div>\n<p><!-- .dslc-info-box-image --><\/p>\n<div class=\"dslc-info-box-main\">\n<div class=\"dslc-info-box-title\">\n<h4 >JENS BLAES<\/p>\n<p><!--\n \/* Font Definitions *\/\n@font-face\n\t{font-family:\"Cambria Math\";\n\tpanose-1:2 4 5 3 5 4 6 3 2 4;\n\tmso-font-charset:0;\n\tmso-generic-font-family:auto;\n\tmso-font-pitch:variable;\n\tmso-font-signature:-536870145 1107305727 0 0 415 0;}\n \/* Style Definitions *\/\np.MsoNormal, li.MsoNormal, div.MsoNormal\n\t{mso-style-unhide:no;\n\tmso-style-qformat:yes;\n\tmso-style-parent:\"\";\n\tmargin:0cm;\n\tmargin-bottom:.0001pt;\n\tmso-pagination:widow-orphan;\n\tfont-size:12.0pt;\n\tfont-family:\"Times New Roman\";\n\tmso-ascii-font-family:\"Times New Roman\";\n\tmso-ascii-theme-font:minor-latin;\n\tmso-fareast-font-family:\"Times New Roman\";\n\tmso-fareast-theme-font:minor-fareast;\n\tmso-hansi-font-family:\"Times New Roman\";\n\tmso-hansi-theme-font:minor-latin;\n\tmso-bidi-font-family:\"Times New Roman\";\n\tmso-bidi-theme-font:minor-bidi;}\n.MsoChpDefault\n\t{mso-style-type:export-only;\n\tmso-default-props:yes;\n\tmso-ascii-font-family:\"Times New Roman\";\n\tmso-ascii-theme-font:minor-latin;\n\tmso-fareast-font-family:\"Times New Roman\";\n\tmso-fareast-theme-font:minor-fareast;\n\tmso-hansi-font-family:\"Times New Roman\";\n\tmso-hansi-theme-font:minor-latin;\n\tmso-bidi-font-family:\"Times New Roman\";\n\tmso-bidi-theme-font:minor-bidi;}\n@page WordSection1\n\t{size:612.0pt 792.0pt;\n\tmargin:70.85pt 70.85pt 2.0cm 70.85pt;\n\tmso-header-margin:36.0pt;\n\tmso-footer-margin:36.0pt;\n\tmso-paper-source:0;}\ndiv.WordSection1\n\t{page:WordSection1;}\n-->\u00a0 \u00a0 \u00a0 Director ejecutivo, German Used Tires Co.<\/h4>\n<\/p><\/div>\n<p><!-- .dslc-info-box-title --><\/p>\n<div class=\"dslc-info-box-content\">\n<p style=\"text-align: center;\" data-mce-style=\"text-align: center;\">\u201eComo empresario alem\u00e1n me parece muy importante que usted reciba la calidad y cantidad de neum\u00e1ticos usados de German Used Tires que usted ha pedido. A este respeto, le invitamos cordialmente a visitar nos y a convencerse usted mismo de la calidad de nuestros neum\u00e1ticos usados.\"<\/p>\n<\/p><\/div>\n<p><!-- .dslc-info-box-content --><\/p>\n<div class=\"dslc-info-box-button\">\n\t\t\t\t\t\t\t\t\t\t\t\t\t\t\t\t\t\t\t<a href=\"https:\/\/bf.linkedin.com\/in\/jens-blaes-458983131?trk=sushi_topic_professionals_guest_button\"  target=\"_self\" class=\"dslc-primary \"><br \/>\n\t\t\t\t\t\t\t\t\t\t\t\t\t\t\t\t\t\t\t\t\t\t\t<span class=\"dslc-icon dslc-icon-linkedin-sign\"><\/span><br \/>\n\t\t\t\t\t\t\t\t\t\t\t\t\t\t\t\t\t\t\t\t\t\t\t\t\t\t\t\t\t\t\t\t\t\t<span><br \/>\n\t\t\t\t\t\t\t\t\t\t\t\t\tCONECTAR VIA LINKEDIN\t\t\t\t\t\t\t\t\t\t\t\t<\/span><br \/>\n\t\t\t\t\t\t\t\t\t\t\t\t\t\t\t\t\t\t\t\t\t<\/a>\n\t\t\t\t\t\t\t\t\t\t\t\t\t\t\t\t\t\t\t\t\t\t\t\t\t\t<\/div>\n<p><!-- .dslc-info-box-button --><\/p><\/div>\n<p><!-- .dslc-info-box-main --><\/p><\/div>\n<p><!-- .dslc-info-box-main-wrap --><\/p><\/div>\n<p><!-- .dslc-info-box-wrapper --><\/p><\/div>\n<p><!-- .dslc-info-box --><\/p><\/div>\n<p><!-- .dslc-module --><\/p>\n<div id=\"dslc-module-29\" class=\"dslc-module-front dslc-module-DSLC_Text_Simple dslc-in-viewport-check dslc-in-viewport-anim-none  dslc-col dslc-12-col  dslc-module-handle-like-regular \" data-module-id=\"29\" data-module=\"DSLC_Text_Simple\" data-dslc-module-size=\"12\" data-dslc-anim=\"none\" data-dslc-anim-delay=\"0\" data-dslc-anim-duration=\"650\"  data-dslc-anim-easing=\"ease\" data-dslc-preset=\"none\" >\n<div class=\"dslc-text-module-content\">\n<h3 style=\"text-align: center;\">&nbsp;<\/h3>\n<h3 class=\"p1\" style=\"text-align: center;\"><span class=\"s1\">&nbsp;<\/span><span class=\"s2\">Garantizamos hasta calidad y servicio fiable<\/span><\/h3>\n<p style=\"text-align: center;\">Jens Blaes es director ejecutivo de German Used Tires. Gracias a sus a\u00f1os de experiencia en el comercio con neum\u00e1ticos usados Jens Blaes siempre toma la decisi\u00f3n correcta en la selecci\u00f3n de neum\u00e1ticos usados para poder garantizarle la mejor calidad. Despu\u00e9s de tantos a\u00f1os en el negocio con neum\u00e1ticos German Used Tires se beneficia de una gran red de socios comerciales. Como resultado German Used Tires no solo ofrece la mejor calidad a precios justos si no tambi\u00e9n un servicio seguro en la entrega oportuna de env\u00edo seguro.<\/p>\n<\/p><\/div>\n<\/p><\/div>\n<p><!-- .dslc-module --><\/p>\n<div id=\"dslc-module-30\" class=\"dslc-module-front dslc-module-DSLC_Text_Simple dslc-in-viewport-check dslc-in-viewport-anim-none  dslc-col dslc-12-col  dslc-module-handle-like-regular \" data-module-id=\"30\" data-module=\"DSLC_Text_Simple\" data-dslc-module-size=\"12\" data-dslc-anim=\"none\" data-dslc-anim-delay=\"0\" data-dslc-anim-duration=\"650\"  data-dslc-anim-easing=\"ease\" data-dslc-preset=\"none\" >\n<div class=\"dslc-text-module-content\">\n<p style=\"text-align: center;\" data-mce-style=\"text-align: center;\">Pudimos convencerle de nosotros? Entonces cont\u00e1ctenos para un siguiente intercambio o una oferta concreta y compre su pr\u00f3ximo contingente de neum\u00e1ticos usados con German Used Tires.<\/p>\n<\/p><\/div>\n<\/p><\/div>\n<p><!-- .dslc-module --><\/p>\n<div id=\"dslc-module-31\" class=\"dslc-module-front dslc-module-DSLC_Button dslc-in-viewport-check dslc-in-viewport-anim-none  dslc-col dslc-12-col  dslc-module-handle-like-regular \" data-module-id=\"31\" data-module=\"DSLC_Button\" data-dslc-module-size=\"12\" data-dslc-anim=\"none\" data-dslc-anim-delay=\"0\" data-dslc-anim-duration=\"650\"  data-dslc-anim-easing=\"ease\" data-dslc-preset=\"none\" >\n<div class=\"dslc-button\">\n\t\t\t\t\t\t\t\t\t<a href=\"\/es\/contacto\" target=\"_self\"  onClick=\"\" class=\"\"><br \/>\n\t\t\t\t\t\t\t\t\t\t\t\t\t\t\t\t\t\t\t\t\t<span class=\"dslc-icon dslc-icon-phone\"><\/span><br \/>\n\t\t\t\t\t\t\t\t\t\t\t\t\t\t\t\t\t\t\t\t\t\t\t\t\t\t<span>CONT\u00c0CTE NOS<\/span><br \/>\n\t\t\t\t\t\t\t\t\t\t\t\t\t\t\t\t\t<\/a>\n\t\t\t\t\t\t\t<\/div>\n<p><!-- .dslc-button --><\/p><\/div>\n<p><!-- .dslc-module -->\n\t\t<\/div>\n<\/p><\/div>\n<\/div><\/div>\n<\/div>\n<\/div><\/div>","protected":false},"excerpt":{"rendered":"<p>German Used Tires: Muchos a\u00f1os de experiencia en la exportaci\u00f3n de neum\u00e1ticos usados en todo el mundo German Used Tires esta especializado en la compraventa de neum\u00e1ticos usados en el ...<\/p>\n","protected":false},"author":1,"featured_media":0,"parent":0,"menu_order":0,"comment_status":"closed","ping_status":"closed","template":"template-fullwidth.php","meta":{"footnotes":""},"class_list":["post-23","page","type-page","status-publish","hentry"],"yoast_head":"<!-- This site is optimized with the Yoast SEO plugin v27.4 - https:\/\/yoast.com\/product\/yoast-seo-wordpress\/ -->\n<title>German Used Tires Co. - el experto de exportaci\u00f3n neum\u00e1ticos usados<\/title>\n<meta name=\"description\" content=\"German Used Tires Co. esta el experto en la compraventa de neum\u00e1ticos usados en el mercado mayorista. M\u00e1s informaci\u00f3n sobre nosotros.\" \/>\n<meta name=\"robots\" content=\"index, follow, max-snippet:-1, max-image-preview:large, max-video-preview:-1\" \/>\n<link rel=\"canonical\" href=\"https:\/\/german-used-tires.com\/es\/nuestra-empresa\/\" \/>\n<meta property=\"og:locale\" content=\"es_ES\" \/>\n<meta property=\"og:type\" content=\"article\" \/>\n<meta property=\"og:title\" content=\"German Used Tires Co. - el experto de exportaci\u00f3n neum\u00e1ticos usados\" \/>\n<meta property=\"og:description\" content=\"German Used Tires Co. esta el experto en la compraventa de neum\u00e1ticos usados en el mercado mayorista. M\u00e1s informaci\u00f3n sobre nosotros.\" \/>\n<meta property=\"og:url\" content=\"https:\/\/german-used-tires.com\/es\/nuestra-empresa\/\" \/>\n<meta property=\"og:site_name\" content=\"German Used Tires\" \/>\n<meta property=\"article:modified_time\" content=\"2016-12-15T11:05:49+00:00\" \/>\n<meta name=\"twitter:card\" content=\"summary_large_image\" \/>\n<meta name=\"twitter:label1\" content=\"Tiempo de lectura\" \/>\n\t<meta name=\"twitter:data1\" content=\"2 minutos\" \/>\n<script type=\"application\/ld+json\" class=\"yoast-schema-graph\">{\"@context\":\"https:\\\/\\\/schema.org\",\"@graph\":[{\"@type\":\"WebPage\",\"@id\":\"https:\\\/\\\/german-used-tires.com\\\/es\\\/nuestra-empresa\\\/\",\"url\":\"https:\\\/\\\/german-used-tires.com\\\/es\\\/nuestra-empresa\\\/\",\"name\":\"German Used Tires Co. - el experto de exportaci\u00f3n neum\u00e1ticos usados\",\"isPartOf\":{\"@id\":\"https:\\\/\\\/german-used-tires.com\\\/#website\"},\"datePublished\":\"2016-12-01T05:38:47+00:00\",\"dateModified\":\"2016-12-15T11:05:49+00:00\",\"description\":\"German Used Tires Co. esta el experto en la compraventa de neum\u00e1ticos usados en el mercado mayorista. M\u00e1s informaci\u00f3n sobre nosotros.\",\"breadcrumb\":{\"@id\":\"https:\\\/\\\/german-used-tires.com\\\/es\\\/nuestra-empresa\\\/#breadcrumb\"},\"inLanguage\":\"es\",\"potentialAction\":[{\"@type\":\"ReadAction\",\"target\":[\"https:\\\/\\\/german-used-tires.com\\\/es\\\/nuestra-empresa\\\/\"]}]},{\"@type\":\"BreadcrumbList\",\"@id\":\"https:\\\/\\\/german-used-tires.com\\\/es\\\/nuestra-empresa\\\/#breadcrumb\",\"itemListElement\":[{\"@type\":\"ListItem\",\"position\":1,\"name\":\"Startseite\",\"item\":\"https:\\\/\\\/german-used-tires.com\\\/es\\\/\"},{\"@type\":\"ListItem\",\"position\":2,\"name\":\"Nuestra Empresa\"}]},{\"@type\":\"WebSite\",\"@id\":\"https:\\\/\\\/german-used-tires.com\\\/#website\",\"url\":\"https:\\\/\\\/german-used-tires.com\\\/\",\"name\":\"German Used Tires\",\"description\":\"German Used Tires - Der Exporteur f\u00fcr gebrauchte Reifen\",\"publisher\":{\"@id\":\"https:\\\/\\\/german-used-tires.com\\\/#organization\"},\"potentialAction\":[{\"@type\":\"SearchAction\",\"target\":{\"@type\":\"EntryPoint\",\"urlTemplate\":\"https:\\\/\\\/german-used-tires.com\\\/?s={search_term_string}\"},\"query-input\":{\"@type\":\"PropertyValueSpecification\",\"valueRequired\":true,\"valueName\":\"search_term_string\"}}],\"inLanguage\":\"es\"},{\"@type\":\"Organization\",\"@id\":\"https:\\\/\\\/german-used-tires.com\\\/#organization\",\"name\":\"German Used Tires\",\"url\":\"https:\\\/\\\/german-used-tires.com\\\/\",\"logo\":{\"@type\":\"ImageObject\",\"inLanguage\":\"es\",\"@id\":\"https:\\\/\\\/german-used-tires.com\\\/#\\\/schema\\\/logo\\\/image\\\/\",\"url\":\"https:\\\/\\\/german-used-tires.com\\\/wp-content\\\/uploads\\\/2016\\\/12\\\/cropped-logo-Webseite-1.png\",\"contentUrl\":\"https:\\\/\\\/german-used-tires.com\\\/wp-content\\\/uploads\\\/2016\\\/12\\\/cropped-logo-Webseite-1.png\",\"width\":300,\"height\":100,\"caption\":\"German Used Tires\"},\"image\":{\"@id\":\"https:\\\/\\\/german-used-tires.com\\\/#\\\/schema\\\/logo\\\/image\\\/\"}}]}<\/script>\n<!-- \/ Yoast SEO plugin. -->","yoast_head_json":{"title":"German Used Tires Co. - el experto de exportaci\u00f3n neum\u00e1ticos usados","description":"German Used Tires Co. esta el experto en la compraventa de neum\u00e1ticos usados en el mercado mayorista. M\u00e1s informaci\u00f3n sobre nosotros.","robots":{"index":"index","follow":"follow","max-snippet":"max-snippet:-1","max-image-preview":"max-image-preview:large","max-video-preview":"max-video-preview:-1"},"canonical":"https:\/\/german-used-tires.com\/es\/nuestra-empresa\/","og_locale":"es_ES","og_type":"article","og_title":"German Used Tires Co. - el experto de exportaci\u00f3n neum\u00e1ticos usados","og_description":"German Used Tires Co. esta el experto en la compraventa de neum\u00e1ticos usados en el mercado mayorista. M\u00e1s informaci\u00f3n sobre nosotros.","og_url":"https:\/\/german-used-tires.com\/es\/nuestra-empresa\/","og_site_name":"German Used Tires","article_modified_time":"2016-12-15T11:05:49+00:00","twitter_card":"summary_large_image","twitter_misc":{"Tiempo de lectura":"2 minutos"},"schema":{"@context":"https:\/\/schema.org","@graph":[{"@type":"WebPage","@id":"https:\/\/german-used-tires.com\/es\/nuestra-empresa\/","url":"https:\/\/german-used-tires.com\/es\/nuestra-empresa\/","name":"German Used Tires Co. - el experto de exportaci\u00f3n neum\u00e1ticos usados","isPartOf":{"@id":"https:\/\/german-used-tires.com\/#website"},"datePublished":"2016-12-01T05:38:47+00:00","dateModified":"2016-12-15T11:05:49+00:00","description":"German Used Tires Co. esta el experto en la compraventa de neum\u00e1ticos usados en el mercado mayorista. M\u00e1s informaci\u00f3n sobre nosotros.","breadcrumb":{"@id":"https:\/\/german-used-tires.com\/es\/nuestra-empresa\/#breadcrumb"},"inLanguage":"es","potentialAction":[{"@type":"ReadAction","target":["https:\/\/german-used-tires.com\/es\/nuestra-empresa\/"]}]},{"@type":"BreadcrumbList","@id":"https:\/\/german-used-tires.com\/es\/nuestra-empresa\/#breadcrumb","itemListElement":[{"@type":"ListItem","position":1,"name":"Startseite","item":"https:\/\/german-used-tires.com\/es\/"},{"@type":"ListItem","position":2,"name":"Nuestra Empresa"}]},{"@type":"WebSite","@id":"https:\/\/german-used-tires.com\/#website","url":"https:\/\/german-used-tires.com\/","name":"German Used Tires","description":"German Used Tires - Der Exporteur f\u00fcr gebrauchte Reifen","publisher":{"@id":"https:\/\/german-used-tires.com\/#organization"},"potentialAction":[{"@type":"SearchAction","target":{"@type":"EntryPoint","urlTemplate":"https:\/\/german-used-tires.com\/?s={search_term_string}"},"query-input":{"@type":"PropertyValueSpecification","valueRequired":true,"valueName":"search_term_string"}}],"inLanguage":"es"},{"@type":"Organization","@id":"https:\/\/german-used-tires.com\/#organization","name":"German Used Tires","url":"https:\/\/german-used-tires.com\/","logo":{"@type":"ImageObject","inLanguage":"es","@id":"https:\/\/german-used-tires.com\/#\/schema\/logo\/image\/","url":"https:\/\/german-used-tires.com\/wp-content\/uploads\/2016\/12\/cropped-logo-Webseite-1.png","contentUrl":"https:\/\/german-used-tires.com\/wp-content\/uploads\/2016\/12\/cropped-logo-Webseite-1.png","width":300,"height":100,"caption":"German Used Tires"},"image":{"@id":"https:\/\/german-used-tires.com\/#\/schema\/logo\/image\/"}}]}},"_links":{"self":[{"href":"https:\/\/german-used-tires.com\/es\/wp-json\/wp\/v2\/pages\/23","targetHints":{"allow":["GET"]}}],"collection":[{"href":"https:\/\/german-used-tires.com\/es\/wp-json\/wp\/v2\/pages"}],"about":[{"href":"https:\/\/german-used-tires.com\/es\/wp-json\/wp\/v2\/types\/page"}],"author":[{"embeddable":true,"href":"https:\/\/german-used-tires.com\/es\/wp-json\/wp\/v2\/users\/1"}],"replies":[{"embeddable":true,"href":"https:\/\/german-used-tires.com\/es\/wp-json\/wp\/v2\/comments?post=23"}],"version-history":[{"count":5,"href":"https:\/\/german-used-tires.com\/es\/wp-json\/wp\/v2\/pages\/23\/revisions"}],"predecessor-version":[{"id":92,"href":"https:\/\/german-used-tires.com\/es\/wp-json\/wp\/v2\/pages\/23\/revisions\/92"}],"wp:attachment":[{"href":"https:\/\/german-used-tires.com\/es\/wp-json\/wp\/v2\/media?parent=23"}],"curies":[{"name":"wp","href":"https:\/\/api.w.org\/{rel}","templated":true}]}}