{"id":290,"date":"2024-02-16T13:14:40","date_gmt":"2024-02-16T13:14:40","guid":{"rendered":"https:\/\/german-used-tires.com\/nuestros-neumaticos-de-desecho\/"},"modified":"2024-02-18T16:42:05","modified_gmt":"2024-02-18T16:42:05","slug":"neumaticos-de-desecho","status":"publish","type":"page","link":"https:\/\/german-used-tires.com\/es\/neumaticos-de-desecho\/","title":{"rendered":"Neum\u00e1ticos de desecho"},"content":{"rendered":"<div id=\"dslc-theme-content\"><div id=\"dslc-theme-content-inner\"><div id=\"dslc-content\" class=\"dslc-content dslc-clearfix\">\n<div id=\"dslc-main\">\n<div  class=\"dslc-modules-section \" style=\"\" data-section-id=\"23d96791fb3\">\n<div class=\"dslc-modules-section-wrapper dslc-clearfix\">\n<div class=\"dslc-modules-area dslc-col dslc-12-col dslc-last-col dslc-valign- \" data-size=\"12\" data-valign=\"\">\n<div id=\"dslc-module-25d72bbcf6b\" class=\"dslc-module-front dslc-module-DSLC_Text_Simple dslc-in-viewport-check dslc-in-viewport-anim-none  dslc-col dslc-12-col dslc-last-col  dslc-module-handle-like-regular \" data-module-id=\"25d72bbcf6b\" data-module=\"DSLC_Text_Simple\" data-dslc-module-size=\"12\" data-dslc-anim=\"none\" data-dslc-anim-delay=\"\" data-dslc-anim-duration=\"650\"  data-dslc-anim-easing=\"ease\" data-dslc-preset=\"none\" >\n<div class=\"dslc-text-module-content\">\n<h3 style=\"text-align: center;\">Nuestros neum\u00e1ticos de desecho: neum\u00e1ticos de desecho embalados o enteros a precios justos por tonelada<\/h3>\n<p style=\"text-align: center;\">La \"German-Used-Tires-Company\" es desde hace m\u00e1s de tres d\u00e9cadas un actor l\u00edder en la distribuci\u00f3n de neum\u00e1ticos de desecho para autom\u00f3viles y camiones, neum\u00e1ticos para m\u00e1quinas de movimiento de tierras, orugas de goma para excavadoras, neum\u00e1ticos para aviones y neum\u00e1ticos de segunda mano. Nuestro enfoque radica en el reciclaje respetuoso con el medio ambiente de neum\u00e1ticos de desecho mediante procesos de recuperaci\u00f3n\/recuperaci\u00f3n de caucho o pir\u00f3lisis. A trav\u00e9s de nuestra intermediaci\u00f3n de neum\u00e1ticos de desecho contribuimos activamente a la protecci\u00f3n del medio ambiente. Con nuestra dilatada experiencia y opciones de entrega en todo el mundo, podemos adquirir grandes cantidades de neum\u00e1ticos de desecho embalados y ofrecerlos a compradores internacionales. Nos centramos exclusivamente en la distribuci\u00f3n y no ofrecemos nuestros propios servicios de reciclaje.<\/p>\n<\/p><\/div>\n<\/p><\/div>\n<p><!-- .dslc-module --><\/p>\n<div id=\"dslc-module-a622efae34b\" class=\"dslc-module-front dslc-module-DSLC_Button dslc-in-viewport-check dslc-in-viewport-anim-none  dslc-col dslc-12-col dslc-last-col  dslc-module-handle-like-regular \" data-module-id=\"a622efae34b\" data-module=\"DSLC_Button\" data-dslc-module-size=\"12\" data-dslc-anim=\"none\" data-dslc-anim-delay=\"\" data-dslc-anim-duration=\"650\"  data-dslc-anim-easing=\"ease\" data-dslc-preset=\"none\" >\n<div class=\"dslc-button\">\n\t\t\t\t\t\t\t\t\t<a href=\"\/es\/contacto\" target=\"_self\"  onClick=\"\" class=\"\"><br \/>\n\t\t\t\t\t\t\t\t\t\t\t\t\t\t\t\t\t\t\t\t\t<span class=\"dslc-icon dslc-icon-phone\"><\/span><br \/>\n\t\t\t\t\t\t\t\t\t\t\t\t\t\t\t\t\t\t\t\t\t\t\t\t\t\t<span>\u00a0CONTACTE NOS AHORA<\/span><br \/>\n\t\t\t\t\t\t\t\t\t\t\t\t\t\t\t\t\t<\/a>\n\t\t\t\t\t\t\t<\/div>\n<p><!-- .dslc-button --><\/p><\/div>\n<p><!-- .dslc-module --><\/p>\n<div id=\"dslc-module-5bb1d9dc14d\" class=\"dslc-module-front dslc-module-DSLC_Image dslc-in-viewport-check dslc-in-viewport-anim-none  dslc-col dslc-6-col  dslc-module-handle-like-regular \" data-module-id=\"5bb1d9dc14d\" data-module=\"DSLC_Image\" data-dslc-module-size=\"6\" data-dslc-anim=\"none\" data-dslc-anim-delay=\"\" data-dslc-anim-duration=\"650\"  data-dslc-anim-easing=\"ease\" data-dslc-preset=\"none\" >\n<div class=\"dslc-image-container\">\n<div class=\"dslc-image\">\n<p>\t\t\t\t\t\t\t\t\t<img decoding=\"async\" src=\"https:\/\/german-used-tires.com\/wp-content\/uploads\/2025\/07\/scrap-tires.jpg\" alt=\"\" title=\"Entregamos grandes cantidades de neum\u00e1ticos de desecho embalados.\" srcset=\"https:\/\/german-used-tires.com\/wp-content\/uploads\/2025\/07\/scrap-tires.jpg 640w, https:\/\/german-used-tires.com\/wp-content\/uploads\/2025\/07\/scrap-tires-300x200.jpg 300w\" sizes=\"(max-width: 640px) 100vw, 640px\" \/><\/p>\n<div class=\"dslc-image-caption\">\n<p>\t\t\t\t\t\t\t\t\t\t\t\t\tNeum\u00e1ticos de desecho embalados\t\t\t\t\t\t\t\t\t\t\t<\/p><\/div>\n<\/p><\/div>\n<p><!-- .dslc-image -->\n\t\t<\/div>\n<\/p><\/div>\n<p><!-- .dslc-module --><\/p>\n<div id=\"dslc-module-a6f20bbe105\" class=\"dslc-module-front dslc-module-DSLC_Image dslc-in-viewport-check dslc-in-viewport-anim-none  dslc-col dslc-6-col dslc-last-col  dslc-module-handle-like-regular \" data-module-id=\"a6f20bbe105\" data-module=\"DSLC_Image\" data-dslc-module-size=\"6\" data-dslc-anim=\"none\" data-dslc-anim-delay=\"\" data-dslc-anim-duration=\"650\"  data-dslc-anim-easing=\"ease\" data-dslc-preset=\"none\" >\n<div class=\"dslc-image-container\">\n<div class=\"dslc-image\">\n<p>\t\t\t\t\t\t\t\t\t<img decoding=\"async\" src=\"https:\/\/german-used-tires.com\/wp-content\/uploads\/2024\/02\/tires-not-disposed-of-properly-2.jpg\" alt=\"Reciclaje ecol\u00f3gico de neum\u00e1ticos de desecho mediante procesos de recuperaci\u00f3n de caucho o pir\u00f3lisis\" title=\"Reciclaje ecol\u00f3gico de neum\u00e1ticos de desecho mediante procesos de recuperaci\u00f3n de caucho o pir\u00f3lisis\" srcset=\"https:\/\/german-used-tires.com\/wp-content\/uploads\/2024\/02\/tires-not-disposed-of-properly-2.jpg 640w, https:\/\/german-used-tires.com\/wp-content\/uploads\/2024\/02\/tires-not-disposed-of-properly-2-300x200.jpg 300w\" sizes=\"(max-width: 640px) 100vw, 640px\" \/><\/p>\n<div class=\"dslc-image-caption\">\n<p>\t\t\t\t\t\t\t\t\t\t\t\t\tNos comprometemos a garantizar que algo como esto no vuelva a suceder en el futuro\t\t\t\t\t\t\t\t\t\t\t<\/p><\/div>\n<\/p><\/div>\n<p><!-- .dslc-image -->\n\t\t<\/div>\n<\/p><\/div>\n<p><!-- .dslc-module -->\n\t\t<\/div>\n<\/div>\n<\/div>\n<\/div>\n<\/div>\n<\/div><\/div>","protected":false},"excerpt":{"rendered":"<p>Nuestros neum\u00e1ticos de desecho: neum\u00e1ticos de desecho embalados o enteros a precios justos por tonelada La \"German-Used-Tires-Company\" es desde hace m\u00e1s de tres d\u00e9cadas un actor l\u00edder en la distribuci\u00f3n ...<\/p>\n","protected":false},"author":4,"featured_media":0,"parent":0,"menu_order":0,"comment_status":"closed","ping_status":"closed","template":"","meta":{"footnotes":""},"class_list":["post-290","page","type-page","status-publish","hentry"],"yoast_head":"<!-- This site is optimized with the Yoast SEO plugin v27.4 - https:\/\/yoast.com\/product\/yoast-seo-wordpress\/ -->\n<title>German Used Tires Co. - Neum\u00e1ticos de desecho para reciclaje<\/title>\n<meta name=\"description\" content=\"Muchos a\u00f1os de experiencia y entrega en todo el mundo: adquirimos grandes cantidades de neum\u00e1ticos de desecho embalados para la recuperaci\u00f3n del caucho.\" \/>\n<meta name=\"robots\" content=\"index, follow, max-snippet:-1, max-image-preview:large, max-video-preview:-1\" \/>\n<link rel=\"canonical\" href=\"https:\/\/german-used-tires.com\/es\/neumaticos-de-desecho\/\" \/>\n<meta property=\"og:locale\" content=\"es_ES\" \/>\n<meta property=\"og:type\" content=\"article\" \/>\n<meta property=\"og:title\" content=\"German Used Tires Co. - Neum\u00e1ticos de desecho para reciclaje\" \/>\n<meta property=\"og:description\" content=\"Muchos a\u00f1os de experiencia y entrega en todo el mundo: adquirimos grandes cantidades de neum\u00e1ticos de desecho embalados para la recuperaci\u00f3n del caucho.\" \/>\n<meta property=\"og:url\" content=\"https:\/\/german-used-tires.com\/es\/neumaticos-de-desecho\/\" \/>\n<meta property=\"og:site_name\" content=\"German Used Tires\" \/>\n<meta property=\"article:modified_time\" content=\"2024-02-18T16:42:05+00:00\" \/>\n<meta property=\"og:image\" content=\"https:\/\/german-used-tires.com\/wp-content\/uploads\/2024\/02\/scrap-tires-2.jpg\" \/>\n<meta name=\"twitter:card\" content=\"summary_large_image\" \/>\n<meta name=\"twitter:label1\" content=\"Tiempo de lectura\" \/>\n\t<meta name=\"twitter:data1\" content=\"3 minutos\" \/>\n<script type=\"application\/ld+json\" class=\"yoast-schema-graph\">{\"@context\":\"https:\\\/\\\/schema.org\",\"@graph\":[{\"@type\":\"WebPage\",\"@id\":\"https:\\\/\\\/german-used-tires.com\\\/es\\\/neumaticos-de-desecho\\\/\",\"url\":\"https:\\\/\\\/german-used-tires.com\\\/es\\\/neumaticos-de-desecho\\\/\",\"name\":\"German Used Tires Co. - Neum\u00e1ticos de desecho para reciclaje\",\"isPartOf\":{\"@id\":\"https:\\\/\\\/german-used-tires.com\\\/#website\"},\"primaryImageOfPage\":{\"@id\":\"https:\\\/\\\/german-used-tires.com\\\/es\\\/neumaticos-de-desecho\\\/#primaryimage\"},\"image\":{\"@id\":\"https:\\\/\\\/german-used-tires.com\\\/es\\\/neumaticos-de-desecho\\\/#primaryimage\"},\"thumbnailUrl\":\"https:\\\/\\\/german-used-tires.com\\\/wp-content\\\/uploads\\\/2025\\\/07\\\/scrap-tires.jpg\",\"datePublished\":\"2024-02-16T13:14:40+00:00\",\"dateModified\":\"2024-02-18T16:42:05+00:00\",\"description\":\"Muchos a\u00f1os de experiencia y entrega en todo el mundo: adquirimos grandes cantidades de neum\u00e1ticos de desecho embalados para la recuperaci\u00f3n del caucho.\",\"breadcrumb\":{\"@id\":\"https:\\\/\\\/german-used-tires.com\\\/es\\\/neumaticos-de-desecho\\\/#breadcrumb\"},\"inLanguage\":\"es\",\"potentialAction\":[{\"@type\":\"ReadAction\",\"target\":[\"https:\\\/\\\/german-used-tires.com\\\/es\\\/neumaticos-de-desecho\\\/\"]}]},{\"@type\":\"ImageObject\",\"inLanguage\":\"es\",\"@id\":\"https:\\\/\\\/german-used-tires.com\\\/es\\\/neumaticos-de-desecho\\\/#primaryimage\",\"url\":\"https:\\\/\\\/german-used-tires.com\\\/wp-content\\\/uploads\\\/2025\\\/07\\\/scrap-tires.jpg\",\"contentUrl\":\"https:\\\/\\\/german-used-tires.com\\\/wp-content\\\/uploads\\\/2025\\\/07\\\/scrap-tires.jpg\"},{\"@type\":\"BreadcrumbList\",\"@id\":\"https:\\\/\\\/german-used-tires.com\\\/es\\\/neumaticos-de-desecho\\\/#breadcrumb\",\"itemListElement\":[{\"@type\":\"ListItem\",\"position\":1,\"name\":\"Startseite\",\"item\":\"https:\\\/\\\/german-used-tires.com\\\/es\\\/\"},{\"@type\":\"ListItem\",\"position\":2,\"name\":\"Neum\u00e1ticos de desecho\"}]},{\"@type\":\"WebSite\",\"@id\":\"https:\\\/\\\/german-used-tires.com\\\/#website\",\"url\":\"https:\\\/\\\/german-used-tires.com\\\/\",\"name\":\"German Used Tires\",\"description\":\"German Used Tires - Der Exporteur f\u00fcr gebrauchte Reifen\",\"publisher\":{\"@id\":\"https:\\\/\\\/german-used-tires.com\\\/#organization\"},\"potentialAction\":[{\"@type\":\"SearchAction\",\"target\":{\"@type\":\"EntryPoint\",\"urlTemplate\":\"https:\\\/\\\/german-used-tires.com\\\/?s={search_term_string}\"},\"query-input\":{\"@type\":\"PropertyValueSpecification\",\"valueRequired\":true,\"valueName\":\"search_term_string\"}}],\"inLanguage\":\"es\"},{\"@type\":\"Organization\",\"@id\":\"https:\\\/\\\/german-used-tires.com\\\/#organization\",\"name\":\"German Used Tires\",\"url\":\"https:\\\/\\\/german-used-tires.com\\\/\",\"logo\":{\"@type\":\"ImageObject\",\"inLanguage\":\"es\",\"@id\":\"https:\\\/\\\/german-used-tires.com\\\/#\\\/schema\\\/logo\\\/image\\\/\",\"url\":\"https:\\\/\\\/german-used-tires.com\\\/wp-content\\\/uploads\\\/2016\\\/12\\\/cropped-logo-Webseite-1.png\",\"contentUrl\":\"https:\\\/\\\/german-used-tires.com\\\/wp-content\\\/uploads\\\/2016\\\/12\\\/cropped-logo-Webseite-1.png\",\"width\":300,\"height\":100,\"caption\":\"German Used Tires\"},\"image\":{\"@id\":\"https:\\\/\\\/german-used-tires.com\\\/#\\\/schema\\\/logo\\\/image\\\/\"}}]}<\/script>\n<!-- \/ Yoast SEO plugin. -->","yoast_head_json":{"title":"German Used Tires Co. - Neum\u00e1ticos de desecho para reciclaje","description":"Muchos a\u00f1os de experiencia y entrega en todo el mundo: adquirimos grandes cantidades de neum\u00e1ticos de desecho embalados para la recuperaci\u00f3n del caucho.","robots":{"index":"index","follow":"follow","max-snippet":"max-snippet:-1","max-image-preview":"max-image-preview:large","max-video-preview":"max-video-preview:-1"},"canonical":"https:\/\/german-used-tires.com\/es\/neumaticos-de-desecho\/","og_locale":"es_ES","og_type":"article","og_title":"German Used Tires Co. - Neum\u00e1ticos de desecho para reciclaje","og_description":"Muchos a\u00f1os de experiencia y entrega en todo el mundo: adquirimos grandes cantidades de neum\u00e1ticos de desecho embalados para la recuperaci\u00f3n del caucho.","og_url":"https:\/\/german-used-tires.com\/es\/neumaticos-de-desecho\/","og_site_name":"German Used Tires","article_modified_time":"2024-02-18T16:42:05+00:00","og_image":[{"url":"https:\/\/german-used-tires.com\/wp-content\/uploads\/2024\/02\/scrap-tires-2.jpg","type":"","width":"","height":""}],"twitter_card":"summary_large_image","twitter_misc":{"Tiempo de lectura":"3 minutos"},"schema":{"@context":"https:\/\/schema.org","@graph":[{"@type":"WebPage","@id":"https:\/\/german-used-tires.com\/es\/neumaticos-de-desecho\/","url":"https:\/\/german-used-tires.com\/es\/neumaticos-de-desecho\/","name":"German Used Tires Co. - Neum\u00e1ticos de desecho para reciclaje","isPartOf":{"@id":"https:\/\/german-used-tires.com\/#website"},"primaryImageOfPage":{"@id":"https:\/\/german-used-tires.com\/es\/neumaticos-de-desecho\/#primaryimage"},"image":{"@id":"https:\/\/german-used-tires.com\/es\/neumaticos-de-desecho\/#primaryimage"},"thumbnailUrl":"https:\/\/german-used-tires.com\/wp-content\/uploads\/2025\/07\/scrap-tires.jpg","datePublished":"2024-02-16T13:14:40+00:00","dateModified":"2024-02-18T16:42:05+00:00","description":"Muchos a\u00f1os de experiencia y entrega en todo el mundo: adquirimos grandes cantidades de neum\u00e1ticos de desecho embalados para la recuperaci\u00f3n del caucho.","breadcrumb":{"@id":"https:\/\/german-used-tires.com\/es\/neumaticos-de-desecho\/#breadcrumb"},"inLanguage":"es","potentialAction":[{"@type":"ReadAction","target":["https:\/\/german-used-tires.com\/es\/neumaticos-de-desecho\/"]}]},{"@type":"ImageObject","inLanguage":"es","@id":"https:\/\/german-used-tires.com\/es\/neumaticos-de-desecho\/#primaryimage","url":"https:\/\/german-used-tires.com\/wp-content\/uploads\/2025\/07\/scrap-tires.jpg","contentUrl":"https:\/\/german-used-tires.com\/wp-content\/uploads\/2025\/07\/scrap-tires.jpg"},{"@type":"BreadcrumbList","@id":"https:\/\/german-used-tires.com\/es\/neumaticos-de-desecho\/#breadcrumb","itemListElement":[{"@type":"ListItem","position":1,"name":"Startseite","item":"https:\/\/german-used-tires.com\/es\/"},{"@type":"ListItem","position":2,"name":"Neum\u00e1ticos de desecho"}]},{"@type":"WebSite","@id":"https:\/\/german-used-tires.com\/#website","url":"https:\/\/german-used-tires.com\/","name":"German Used Tires","description":"German Used Tires - Der Exporteur f\u00fcr gebrauchte Reifen","publisher":{"@id":"https:\/\/german-used-tires.com\/#organization"},"potentialAction":[{"@type":"SearchAction","target":{"@type":"EntryPoint","urlTemplate":"https:\/\/german-used-tires.com\/?s={search_term_string}"},"query-input":{"@type":"PropertyValueSpecification","valueRequired":true,"valueName":"search_term_string"}}],"inLanguage":"es"},{"@type":"Organization","@id":"https:\/\/german-used-tires.com\/#organization","name":"German Used Tires","url":"https:\/\/german-used-tires.com\/","logo":{"@type":"ImageObject","inLanguage":"es","@id":"https:\/\/german-used-tires.com\/#\/schema\/logo\/image\/","url":"https:\/\/german-used-tires.com\/wp-content\/uploads\/2016\/12\/cropped-logo-Webseite-1.png","contentUrl":"https:\/\/german-used-tires.com\/wp-content\/uploads\/2016\/12\/cropped-logo-Webseite-1.png","width":300,"height":100,"caption":"German Used Tires"},"image":{"@id":"https:\/\/german-used-tires.com\/#\/schema\/logo\/image\/"}}]}},"_links":{"self":[{"href":"https:\/\/german-used-tires.com\/es\/wp-json\/wp\/v2\/pages\/290","targetHints":{"allow":["GET"]}}],"collection":[{"href":"https:\/\/german-used-tires.com\/es\/wp-json\/wp\/v2\/pages"}],"about":[{"href":"https:\/\/german-used-tires.com\/es\/wp-json\/wp\/v2\/types\/page"}],"author":[{"embeddable":true,"href":"https:\/\/german-used-tires.com\/es\/wp-json\/wp\/v2\/users\/4"}],"replies":[{"embeddable":true,"href":"https:\/\/german-used-tires.com\/es\/wp-json\/wp\/v2\/comments?post=290"}],"version-history":[{"count":2,"href":"https:\/\/german-used-tires.com\/es\/wp-json\/wp\/v2\/pages\/290\/revisions"}],"predecessor-version":[{"id":300,"href":"https:\/\/german-used-tires.com\/es\/wp-json\/wp\/v2\/pages\/290\/revisions\/300"}],"wp:attachment":[{"href":"https:\/\/german-used-tires.com\/es\/wp-json\/wp\/v2\/media?parent=290"}],"curies":[{"name":"wp","href":"https:\/\/api.w.org\/{rel}","templated":true}]}}